{"id":3167,"date":"2021-09-28T13:49:20","date_gmt":"2021-09-29T07:30:44","guid":{"rendered":"https:\/\/deixalles.org\/tienda\/producto\/Sense%20categoria\/reproduccio-joguina-paia-ref-841-cotxe-coupe-limousine-1923\/"},"modified":"2025-03-21T10:49:49","modified_gmt":"2025-03-21T10:49:49","slug":"reproduccion-juguete-paya-ref-841-coche-coupe-limousine-1923","status":"publish","type":"product","link":"https:\/\/deixalles.org\/tienda\/ca\/producto\/joguines\/colleccio\/reproduccion-juguete-paya-ref-841-coche-coupe-limousine-1923\/","title":{"rendered":"Reproducci\u00f3 Joguina Paya ref. 841. Cotxe Coup\u00e9-Limousine 1923."},"content":{"rendered":"<p>Reproducci\u00f3 limitada. Joguina Palla ref. 841. Cotxe Coup\u00e9-Limousine 1923.   <\/p>\n","protected":false},"excerpt":{"rendered":"<p>Fant\u00e0stic cotxe de col\u00b7lecci\u00f3, reproducci\u00f3 limitada a 5.000 unitats. Cotxe Coup\u00e9-Limousine 1923 Ref. 841. Fabricat a Ibi (Alacant-Espanya). Manca roda del darrere de recanvi. Mides: 37x13x11,5cm.Estat: Nou.      <\/p>\n","protected":false},"featured_media":2605,"comment_status":"open","ping_status":"closed","template":"","meta":{"_et_pb_use_builder":"","_et_pb_old_content":"","_et_gb_content_width":""},"product_brand":[],"product_cat":[112,69],"product_tag":[],"class_list":{"0":"post-3167","1":"product","2":"type-product","3":"status-publish","4":"has-post-thumbnail","6":"product_cat-colleccio","7":"product_cat-joguines","9":"first","10":"outofstock","11":"taxable","12":"shipping-taxable","13":"purchasable","14":"product-type-simple"},"_links":{"self":[{"href":"https:\/\/deixalles.org\/tienda\/ca\/wp-json\/wp\/v2\/product\/3167","targetHints":{"allow":["GET"]}}],"collection":[{"href":"https:\/\/deixalles.org\/tienda\/ca\/wp-json\/wp\/v2\/product"}],"about":[{"href":"https:\/\/deixalles.org\/tienda\/ca\/wp-json\/wp\/v2\/types\/product"}],"replies":[{"embeddable":true,"href":"https:\/\/deixalles.org\/tienda\/ca\/wp-json\/wp\/v2\/comments?post=3167"}],"wp:featuredmedia":[{"embeddable":true,"href":"https:\/\/deixalles.org\/tienda\/ca\/wp-json\/wp\/v2\/media\/2605"}],"wp:attachment":[{"href":"https:\/\/deixalles.org\/tienda\/ca\/wp-json\/wp\/v2\/media?parent=3167"}],"wp:term":[{"taxonomy":"product_brand","embeddable":true,"href":"https:\/\/deixalles.org\/tienda\/ca\/wp-json\/wp\/v2\/product_brand?post=3167"},{"taxonomy":"product_cat","embeddable":true,"href":"https:\/\/deixalles.org\/tienda\/ca\/wp-json\/wp\/v2\/product_cat?post=3167"},{"taxonomy":"product_tag","embeddable":true,"href":"https:\/\/deixalles.org\/tienda\/ca\/wp-json\/wp\/v2\/product_tag?post=3167"}],"curies":[{"name":"wp","href":"https:\/\/api.w.org\/{rel}","templated":true}]}}