{"id":1007,"date":"2021-09-28T13:49:20","date_gmt":"2021-09-28T13:49:20","guid":{"rendered":"https:\/\/deixalles.org\/tienda\/?post_type=product&#038;p=1007"},"modified":"2026-01-24T22:33:05","modified_gmt":"2026-01-24T22:33:05","slug":"reproduccion-juguete-paya-ref-841-coche-coupe-limousine-1923","status":"publish","type":"product","link":"https:\/\/deixalles.org\/tienda\/producto\/juguetes\/coleccion\/reproduccion-juguete-paya-ref-841-coche-coupe-limousine-1923\/","title":{"rendered":"Reproducci\u00f3n Juguete Paya ref. 841. Coche Coup\u00e9-Limousine 1923."},"content":{"rendered":"<p>Reproducci\u00f3n limitada. Juguete Paya ref. 841.Coche Coup\u00e9-Limousine 1923. <\/p>\n","protected":false},"excerpt":{"rendered":"<p>Fant\u00e1stico coche de colecci\u00f3n, reproducci\u00f3n limitada a 5.000 unidades. Coche Coup\u00e9-Limousine 1923 Ref. 841. Fabricado en Ibi (Alicante-Espa\u00f1a). Falta rueda trasera de repuesto. Medidas: 37x13x11,5cm. Estado: Nuevo.<\/p>\n","protected":false},"featured_media":1027,"comment_status":"open","ping_status":"closed","template":"","meta":{"_et_pb_use_builder":"","_et_pb_old_content":"","_et_gb_content_width":""},"product_brand":[],"product_cat":[44,24],"product_tag":[],"class_list":{"0":"post-1007","1":"product","2":"type-product","3":"status-publish","4":"has-post-thumbnail","6":"product_cat-coleccion","7":"product_cat-juguetes","9":"first","10":"outofstock","11":"taxable","12":"shipping-taxable","13":"purchasable","14":"product-type-simple"},"_links":{"self":[{"href":"https:\/\/deixalles.org\/tienda\/wp-json\/wp\/v2\/product\/1007","targetHints":{"allow":["GET"]}}],"collection":[{"href":"https:\/\/deixalles.org\/tienda\/wp-json\/wp\/v2\/product"}],"about":[{"href":"https:\/\/deixalles.org\/tienda\/wp-json\/wp\/v2\/types\/product"}],"replies":[{"embeddable":true,"href":"https:\/\/deixalles.org\/tienda\/wp-json\/wp\/v2\/comments?post=1007"}],"wp:featuredmedia":[{"embeddable":true,"href":"https:\/\/deixalles.org\/tienda\/wp-json\/wp\/v2\/media\/1027"}],"wp:attachment":[{"href":"https:\/\/deixalles.org\/tienda\/wp-json\/wp\/v2\/media?parent=1007"}],"wp:term":[{"taxonomy":"product_brand","embeddable":true,"href":"https:\/\/deixalles.org\/tienda\/wp-json\/wp\/v2\/product_brand?post=1007"},{"taxonomy":"product_cat","embeddable":true,"href":"https:\/\/deixalles.org\/tienda\/wp-json\/wp\/v2\/product_cat?post=1007"},{"taxonomy":"product_tag","embeddable":true,"href":"https:\/\/deixalles.org\/tienda\/wp-json\/wp\/v2\/product_tag?post=1007"}],"curies":[{"name":"wp","href":"https:\/\/api.w.org\/{rel}","templated":true}]}}