{"id":10633,"date":"2024-04-19T07:10:08","date_gmt":"2024-04-19T07:10:08","guid":{"rendered":"https:\/\/deixalles.org\/tienda\/?post_type=product&#038;p=10633"},"modified":"2024-04-19T07:10:08","modified_gmt":"2024-04-19T07:10:08","slug":"juego-cafe-te-miniatura-de-limoges","status":"publish","type":"product","link":"https:\/\/deixalles.org\/tienda\/producto\/decoracion\/coleccion-2\/juego-cafe-te-miniatura-de-limoges\/","title":{"rendered":"Juego caf\u00e9\/t\u00e9 miniatura de Limoges"},"content":{"rendered":"","protected":false},"excerpt":{"rendered":"<p>Precioso juego de caf\u00e9 o t\u00e9 en miniatura hecho de porcelana de Limoges. Cada una de las piezas est\u00e1 pintada a mano con motivos florales y con un fino y elegante acabado dorado. Compuesto de una bonita bandeja con dos asas cuyas medidas son 12.5 cm x 7.5 cm. Una tetera (3.5 cm), un azucarero (3 cm), una lechera (2 cm), dos tazas (1 cm) con sus respectivos platos (2.5 cm). Para amantes del coleccionismo o para completar en una casa de mu\u00f1ecas.<\/p>\n","protected":false},"featured_media":10661,"comment_status":"open","ping_status":"closed","template":"","meta":{"_et_pb_use_builder":"","_et_pb_old_content":"","_et_gb_content_width":""},"product_brand":[],"product_cat":[149,15],"product_tag":[],"class_list":{"0":"post-10633","1":"product","2":"type-product","3":"status-publish","4":"has-post-thumbnail","6":"product_cat-coleccion-2","7":"product_cat-decoracion","9":"first","10":"instock","11":"taxable","12":"shipping-taxable","13":"purchasable","14":"product-type-simple"},"_links":{"self":[{"href":"https:\/\/deixalles.org\/tienda\/wp-json\/wp\/v2\/product\/10633","targetHints":{"allow":["GET"]}}],"collection":[{"href":"https:\/\/deixalles.org\/tienda\/wp-json\/wp\/v2\/product"}],"about":[{"href":"https:\/\/deixalles.org\/tienda\/wp-json\/wp\/v2\/types\/product"}],"replies":[{"embeddable":true,"href":"https:\/\/deixalles.org\/tienda\/wp-json\/wp\/v2\/comments?post=10633"}],"wp:featuredmedia":[{"embeddable":true,"href":"https:\/\/deixalles.org\/tienda\/wp-json\/wp\/v2\/media\/10661"}],"wp:attachment":[{"href":"https:\/\/deixalles.org\/tienda\/wp-json\/wp\/v2\/media?parent=10633"}],"wp:term":[{"taxonomy":"product_brand","embeddable":true,"href":"https:\/\/deixalles.org\/tienda\/wp-json\/wp\/v2\/product_brand?post=10633"},{"taxonomy":"product_cat","embeddable":true,"href":"https:\/\/deixalles.org\/tienda\/wp-json\/wp\/v2\/product_cat?post=10633"},{"taxonomy":"product_tag","embeddable":true,"href":"https:\/\/deixalles.org\/tienda\/wp-json\/wp\/v2\/product_tag?post=10633"}],"curies":[{"name":"wp","href":"https:\/\/api.w.org\/{rel}","templated":true}]}}