{"id":11035,"date":"2024-08-13T12:26:39","date_gmt":"2024-08-13T12:26:39","guid":{"rendered":"https:\/\/deixalles.org\/tienda\/?post_type=product&#038;p=11035"},"modified":"2025-01-24T06:50:05","modified_gmt":"2025-01-24T06:50:05","slug":"correspondencia-1944-1959-libro-de-albert-camus-y-maria-casares","status":"publish","type":"product","link":"https:\/\/deixalles.org\/tienda\/producto\/ocio\/libros\/correspondencia-1944-1959-libro-de-albert-camus-y-maria-casares\/","title":{"rendered":"Correspondencia 1944-1959. Libro de Albert Camus y Mar\u00eda Casares"},"content":{"rendered":"<p>\u00ab\u00abEstas cartas nos encienden y nos transportan de principio a fin. De la correspondencia de Camus faltaba esta pieza esencial e in\u00e9dita, un continente de palabras que presentamos espl\u00e9ndido y que resulta ser sin duda la parte m\u00e1s hermosa de todas\u00bb.Le Monde. \u00abIgual de l\u00facidos, igual de enterados, capaces de entenderlo todo y, por lo tanto, de sobreponernos a todo, lo suficientemente fuertes para vivir sin ilusiones y uni\u00e9ndonos los v\u00ednculos de la tierra, los de la inteligencia, los del coraz\u00f3n y de la carne, nada puede, lo s\u00e9, ni sorprendernos ni separarnos\u00bb.<br \/>\nEl 19 de marzo de 1944, Albert Camus y Mar\u00eda Casares se conocieron en casa de Michel Leiris, cuando ella contaba s\u00f3lo veinti\u00fan a\u00f1os. Hab\u00eda comenzado su carrera dos a\u00f1os antes, en 1942, en el teatro de Les Mathurins. Ese mismo a\u00f1o Albert Camus publicaba El extranjero. Entonces, el escritor viv\u00eda solo en Par\u00eds, pues la guerra lo hab\u00eda mantenido alejado de su esposa Francine, maestra en Or\u00e1n. Sensible al talento de la actriz, Camus le confi\u00f3 el papel de Martha para la puesta en escena de su obra El malentendido. La noche del 6 de junio, el mismo d\u00eda del desembarco de Normand\u00eda, se volvieron amantes. Fue tan solo el preludio de una gran historia de amor que no tuvo su verdadero comienzo hasta 1948 y que continu\u00f3 hasta la muerte accidental del escritor en enero de 1960. En medio de la vida p\u00fablica y la actividad creativa de ambos, su correspondencia cruzada revela la intensidad de su relaci\u00f3n \u00edntima, que vivieron en la ausencia, en el disfrute de los d\u00edas compartidos, en el trabajo conjunto y en la b\u00fasqueda, formulaci\u00f3n y realizaci\u00f3n del amor verdadero.\u00bb<\/p>\n","protected":false},"excerpt":{"rendered":"<p>\u00abNovelista, dramaturgo y ensayista franc\u00e9s, es considerado uno de los escritores m\u00e1s importantes posteriores a 1945. Est\u00e1 considerado el representante del existencialismo \u00abateo\u00bb. Naci\u00f3 en Mondovi (actualmente Drean, Argelia), el 7 de noviembre de 1913. Estudi\u00f3 filosof\u00eda y letras y fue rechazado como profesor a causa de su avanzada tuberculosis, por lo que se dedic\u00f3 al periodismo como corresponsal del Alter Republican. Durante la Segunda Guerra Mundial fue miembro activo de la Resistencia francesa dentro del grupo Combat. En 1947 se le concede el Premio de la Cr\u00edtica. En 1957 recibi\u00f3 el Premio Nobel de Literatura y tres a\u00f1os despu\u00e9s muere en un accidente automovil\u00edstico en Villeblerin (Francia) el 4 de enero de 1960.<br \/>\n\u2022 Editorial \u200f : \u200e DEBATE; 001 edici\u00f3n (23 febrero 2023)<br \/>\n\u2022 Idioma \u200f : \u200e Espa\u00f1ol<br \/>\n\u2022 Tapa dura \u200f : \u200e 1232 p\u00e1ginas<br \/>\n\u2022 ISBN-10 \u200f : \u200e 8418056576<br \/>\n\u2022 ISBN-13 \u200f : \u200e 978-8418056574<br \/>\n\u2022 Peso del producto \u200f : \u200e 1,62 kg<br \/>\n\u2022 Dimensiones \u200f : \u200e 16.5 x 6 x 23.8 cm<br \/>\n\u2022 Estado: Buen estado<\/p>\n","protected":false},"featured_media":11070,"comment_status":"open","ping_status":"closed","template":"","meta":{"_et_pb_use_builder":"","_et_pb_old_content":"","_et_gb_content_width":""},"product_brand":[],"product_cat":[21,20],"product_tag":[],"class_list":{"0":"post-11035","1":"product","2":"type-product","3":"status-publish","4":"has-post-thumbnail","6":"product_cat-libros","7":"product_cat-ocio","9":"first","10":"outofstock","11":"taxable","12":"shipping-taxable","13":"purchasable","14":"product-type-simple"},"_links":{"self":[{"href":"https:\/\/deixalles.org\/tienda\/wp-json\/wp\/v2\/product\/11035","targetHints":{"allow":["GET"]}}],"collection":[{"href":"https:\/\/deixalles.org\/tienda\/wp-json\/wp\/v2\/product"}],"about":[{"href":"https:\/\/deixalles.org\/tienda\/wp-json\/wp\/v2\/types\/product"}],"replies":[{"embeddable":true,"href":"https:\/\/deixalles.org\/tienda\/wp-json\/wp\/v2\/comments?post=11035"}],"wp:featuredmedia":[{"embeddable":true,"href":"https:\/\/deixalles.org\/tienda\/wp-json\/wp\/v2\/media\/11070"}],"wp:attachment":[{"href":"https:\/\/deixalles.org\/tienda\/wp-json\/wp\/v2\/media?parent=11035"}],"wp:term":[{"taxonomy":"product_brand","embeddable":true,"href":"https:\/\/deixalles.org\/tienda\/wp-json\/wp\/v2\/product_brand?post=11035"},{"taxonomy":"product_cat","embeddable":true,"href":"https:\/\/deixalles.org\/tienda\/wp-json\/wp\/v2\/product_cat?post=11035"},{"taxonomy":"product_tag","embeddable":true,"href":"https:\/\/deixalles.org\/tienda\/wp-json\/wp\/v2\/product_tag?post=11035"}],"curies":[{"name":"wp","href":"https:\/\/api.w.org\/{rel}","templated":true}]}}