{"id":14996,"date":"2025-05-22T11:32:10","date_gmt":"2025-05-22T11:32:10","guid":{"rendered":"https:\/\/deixalles.org\/tienda\/?post_type=product&#038;p=14996"},"modified":"2025-06-04T05:17:57","modified_gmt":"2025-06-04T05:17:57","slug":"escultura-de-piedra-arenisca-vintage-de-marbell-stone-art-belgium-madre-e-hijo","status":"publish","type":"product","link":"https:\/\/deixalles.org\/tienda\/producto\/decoracion\/hogar\/escultura-de-piedra-arenisca-vintage-de-marbell-stone-art-belgium-madre-e-hijo\/","title":{"rendered":"Escultura de piedra arenisca vintage de MarBell  Stone Art Belgium madre e hijo."},"content":{"rendered":"","protected":false},"excerpt":{"rendered":"<p>Escultura moderna Marbell Stone Art Belgium, representa el abrazo de una madre a su hijo\/a. Sus obras, de estilo figurativo y a menudo con un toque Art D\u00e9co, se caracterizan por l\u00edneas suaves, formas estilizadas y una ejecuci\u00f3n artesanal que las hace apreciadas tanto por coleccionistas como por amantes del dise\u00f1o vintage. El m\u00e1rmol belga es el nombre que se le da a la piedra caliza extra\u00edda en Valonia , al sur de B\u00e9lgica. La piedra arenisca presenta una decoloraci\u00f3n sutil, el tono parece m\u00e1s beige claro que blanco. Tambi\u00e9n presenta peque\u00f1as marcas de desgaste, as\u00ed como la base de lat\u00f3n presenta peque\u00f1o envejecimiento. Medidas: 19,5cm alto escultura m\u00e1s base, 5cm di\u00e1metro base, 13cm ancho. Peso: 1,140kg.<\/p>\n","protected":false},"featured_media":14997,"comment_status":"open","ping_status":"closed","template":"","meta":{"_et_pb_use_builder":"","_et_pb_old_content":"","_et_gb_content_width":""},"product_brand":[],"product_cat":[15,16],"product_tag":[],"class_list":{"0":"post-14996","1":"product","2":"type-product","3":"status-publish","4":"has-post-thumbnail","6":"product_cat-decoracion","7":"product_cat-hogar","9":"first","10":"outofstock","11":"taxable","12":"shipping-taxable","13":"purchasable","14":"product-type-simple"},"_links":{"self":[{"href":"https:\/\/deixalles.org\/tienda\/wp-json\/wp\/v2\/product\/14996","targetHints":{"allow":["GET"]}}],"collection":[{"href":"https:\/\/deixalles.org\/tienda\/wp-json\/wp\/v2\/product"}],"about":[{"href":"https:\/\/deixalles.org\/tienda\/wp-json\/wp\/v2\/types\/product"}],"replies":[{"embeddable":true,"href":"https:\/\/deixalles.org\/tienda\/wp-json\/wp\/v2\/comments?post=14996"}],"wp:featuredmedia":[{"embeddable":true,"href":"https:\/\/deixalles.org\/tienda\/wp-json\/wp\/v2\/media\/14997"}],"wp:attachment":[{"href":"https:\/\/deixalles.org\/tienda\/wp-json\/wp\/v2\/media?parent=14996"}],"wp:term":[{"taxonomy":"product_brand","embeddable":true,"href":"https:\/\/deixalles.org\/tienda\/wp-json\/wp\/v2\/product_brand?post=14996"},{"taxonomy":"product_cat","embeddable":true,"href":"https:\/\/deixalles.org\/tienda\/wp-json\/wp\/v2\/product_cat?post=14996"},{"taxonomy":"product_tag","embeddable":true,"href":"https:\/\/deixalles.org\/tienda\/wp-json\/wp\/v2\/product_tag?post=14996"}],"curies":[{"name":"wp","href":"https:\/\/api.w.org\/{rel}","templated":true}]}}