{"id":316,"date":"2021-09-28T13:49:20","date_gmt":"2021-09-28T13:49:20","guid":{"rendered":"https:\/\/deixalles.org\/tienda\/producto\/sin%20categor\u00eda\/nave-star-wars-halcon-milenario\/"},"modified":"2023-09-10T17:56:24","modified_gmt":"2023-09-10T17:56:24","slug":"nave-star-wars-halcon-milenario","status":"publish","type":"product","link":"https:\/\/deixalles.org\/tienda\/producto\/juguetes\/nave-star-wars-halcon-milenario\/","title":{"rendered":"Nave Star Wars Halc\u00f3n Milenario"},"content":{"rendered":"<p>Incre\u00edble Halc\u00f3n Milenario de Hasbro  B3678, con luces y efectos de sonido reales de la pel\u00edcula activados con el movimiento. El interior recrea las salas de la nave como en la pel\u00edcula. Funciona con pilas: 2AA. Incluye dos misiles de goma pero no incluye figuras. Producto descatalogado. Se vende sin caja original. Muy buen estado. <\/p>\n","protected":false},"excerpt":{"rendered":"<p>Star Wars Nave Halc\u00f3n Milenario Hero de Hasbro modelo B3678<\/p>\n","protected":false},"featured_media":5709,"comment_status":"open","ping_status":"closed","template":"","meta":{"_et_pb_use_builder":"","_et_pb_old_content":"","_et_gb_content_width":""},"product_brand":[],"product_cat":[24],"product_tag":[],"class_list":{"0":"post-316","1":"product","2":"type-product","3":"status-publish","4":"has-post-thumbnail","6":"product_cat-juguetes","8":"first","9":"outofstock","10":"taxable","11":"shipping-taxable","12":"purchasable","13":"product-type-simple"},"_links":{"self":[{"href":"https:\/\/deixalles.org\/tienda\/wp-json\/wp\/v2\/product\/316","targetHints":{"allow":["GET"]}}],"collection":[{"href":"https:\/\/deixalles.org\/tienda\/wp-json\/wp\/v2\/product"}],"about":[{"href":"https:\/\/deixalles.org\/tienda\/wp-json\/wp\/v2\/types\/product"}],"replies":[{"embeddable":true,"href":"https:\/\/deixalles.org\/tienda\/wp-json\/wp\/v2\/comments?post=316"}],"wp:featuredmedia":[{"embeddable":true,"href":"https:\/\/deixalles.org\/tienda\/wp-json\/wp\/v2\/media\/5709"}],"wp:attachment":[{"href":"https:\/\/deixalles.org\/tienda\/wp-json\/wp\/v2\/media?parent=316"}],"wp:term":[{"taxonomy":"product_brand","embeddable":true,"href":"https:\/\/deixalles.org\/tienda\/wp-json\/wp\/v2\/product_brand?post=316"},{"taxonomy":"product_cat","embeddable":true,"href":"https:\/\/deixalles.org\/tienda\/wp-json\/wp\/v2\/product_cat?post=316"},{"taxonomy":"product_tag","embeddable":true,"href":"https:\/\/deixalles.org\/tienda\/wp-json\/wp\/v2\/product_tag?post=316"}],"curies":[{"name":"wp","href":"https:\/\/api.w.org\/{rel}","templated":true}]}}