{"id":5850,"date":"2022-02-23T08:15:30","date_gmt":"2022-02-23T08:15:30","guid":{"rendered":"https:\/\/deixalles.org\/tienda\/?post_type=product&#038;p=5850"},"modified":"2025-11-25T09:58:02","modified_gmt":"2025-11-25T09:58:02","slug":"tocadiscos-maleta-portatil-vintage-cosmo-conver-1000","status":"publish","type":"product","link":"https:\/\/deixalles.org\/tienda\/producto\/decoracion\/coleccion-2\/tocadiscos-maleta-portatil-vintage-cosmo-conver-1000\/","title":{"rendered":"COSMO CONVER 1000 Tocadiscos port\u00e1til vintage."},"content":{"rendered":"<p>El tocadiscos port\u00e1til Cosmo Conver 1000 es un excelente regalo vintage para los amantes del disco negro. Para disfrutar del buen sonido de un vinilo los tocadiscos fueron los grandes protagonistas de las reuniones y de las fiestas entre los a\u00f1os cincuenta, sesenta y setenta. <\/p>\n","protected":false},"excerpt":{"rendered":"<p>Para los mel\u00f3manos presentamos este tocadiscos port\u00e1til vintage Cosmo Conver 1000 de los a\u00f1os 60-70. Fabricado por Cosmo S.A Industrias en Granollers ( Barcelona ) Espa\u00f1a  en el a\u00f1o 1968. Con tres velocidades 16,33 y 45 rpm. Incluye un altavoz din\u00e1mico (de im\u00e1n permanente) 7.5 inch = 19.1 cm. Lleva un plato giradiscos MK-23co c\u00e1psula G-62.00 y aguja G-62.30. Con rectificador B30C250. Funciona a 220 V. Presenta \u00f3xido en las bisagras y en el cierre de la maleta. Tanto la aguja, como el brazo y la c\u00e1psula est\u00e1n en buen estado. Funciona perfectamente. Aviso: Producto decorativo. Sin garant\u00eda de funcionamiento.<\/p>\n","protected":false},"featured_media":5905,"comment_status":"open","ping_status":"closed","template":"","meta":{"_et_pb_use_builder":"","_et_pb_old_content":"","_et_gb_content_width":""},"product_brand":[],"product_cat":[149,15],"product_tag":[],"class_list":{"0":"post-5850","1":"product","2":"type-product","3":"status-publish","4":"has-post-thumbnail","6":"product_cat-coleccion-2","7":"product_cat-decoracion","9":"first","10":"outofstock","11":"taxable","12":"shipping-taxable","13":"purchasable","14":"product-type-simple"},"_links":{"self":[{"href":"https:\/\/deixalles.org\/tienda\/wp-json\/wp\/v2\/product\/5850","targetHints":{"allow":["GET"]}}],"collection":[{"href":"https:\/\/deixalles.org\/tienda\/wp-json\/wp\/v2\/product"}],"about":[{"href":"https:\/\/deixalles.org\/tienda\/wp-json\/wp\/v2\/types\/product"}],"replies":[{"embeddable":true,"href":"https:\/\/deixalles.org\/tienda\/wp-json\/wp\/v2\/comments?post=5850"}],"wp:featuredmedia":[{"embeddable":true,"href":"https:\/\/deixalles.org\/tienda\/wp-json\/wp\/v2\/media\/5905"}],"wp:attachment":[{"href":"https:\/\/deixalles.org\/tienda\/wp-json\/wp\/v2\/media?parent=5850"}],"wp:term":[{"taxonomy":"product_brand","embeddable":true,"href":"https:\/\/deixalles.org\/tienda\/wp-json\/wp\/v2\/product_brand?post=5850"},{"taxonomy":"product_cat","embeddable":true,"href":"https:\/\/deixalles.org\/tienda\/wp-json\/wp\/v2\/product_cat?post=5850"},{"taxonomy":"product_tag","embeddable":true,"href":"https:\/\/deixalles.org\/tienda\/wp-json\/wp\/v2\/product_tag?post=5850"}],"curies":[{"name":"wp","href":"https:\/\/api.w.org\/{rel}","templated":true}]}}